{"id":16315,"date":"2024-08-23T15:17:16","date_gmt":"2024-08-23T21:17:16","guid":{"rendered":"https:\/\/transformaedu.fusalmo.org\/?page_id=16315"},"modified":"2024-10-30T15:13:06","modified_gmt":"2024-10-30T21:13:06","slug":"cursos-gfc","status":"publish","type":"page","link":"https:\/\/transformaedu.fusalmo.org\/es_mx\/herramientas-para-el-acompanamiento-pedagogico-eip\/gestor-de-formacion-continua-eip\/cursos-gfc\/","title":{"rendered":"Cursos GFC"},"content":{"rendered":"\t\t<div data-elementor-type=\"wp-page\" data-elementor-id=\"16315\" class=\"elementor elementor-16315\" wpc-filter-elementor-widget=\"1\" data-elementor-post-type=\"page\">\n\t\t\t\t<div class=\"elementor-element elementor-element-c847b09 e-con-full e-flex e-con e-parent\" data-id=\"c847b09\" data-element_type=\"container\" data-e-type=\"container\">\n\t\t\t\t<div class=\"elementor-element elementor-element-d674edd elementor-widget elementor-widget-image\" data-id=\"d674edd\" data-element_type=\"widget\" data-e-type=\"widget\" data-widget_type=\"image.default\">\n\t\t\t\t\t\t\t\t\t\t\t\t\t\t\t<img fetchpriority=\"high\" decoding=\"async\" width=\"1920\" height=\"573\" src=\"https:\/\/transformaedu.fusalmo.org\/wp-content\/uploads\/2024\/10\/Banner-cursos-de-formacion-25-scaled.jpg\" class=\"attachment-full size-full wp-image-20339\" alt=\"\" srcset=\"https:\/\/transformaedu.fusalmo.org\/wp-content\/uploads\/2024\/10\/Banner-cursos-de-formacion-25-scaled.jpg 1920w, https:\/\/transformaedu.fusalmo.org\/wp-content\/uploads\/2024\/10\/Banner-cursos-de-formacion-25-300x90.jpg 300w, https:\/\/transformaedu.fusalmo.org\/wp-content\/uploads\/2024\/10\/Banner-cursos-de-formacion-25-1024x306.jpg 1024w, https:\/\/transformaedu.fusalmo.org\/wp-content\/uploads\/2024\/10\/Banner-cursos-de-formacion-25-768x229.jpg 768w, https:\/\/transformaedu.fusalmo.org\/wp-content\/uploads\/2024\/10\/Banner-cursos-de-formacion-25-1536x458.jpg 1536w, https:\/\/transformaedu.fusalmo.org\/wp-content\/uploads\/2024\/10\/Banner-cursos-de-formacion-25-2048x611.jpg 2048w, https:\/\/transformaedu.fusalmo.org\/wp-content\/uploads\/2024\/10\/Banner-cursos-de-formacion-25-600x179.jpg 600w, https:\/\/transformaedu.fusalmo.org\/wp-content\/uploads\/2024\/10\/Banner-cursos-de-formacion-25-168x50.jpg 168w\" sizes=\"(max-width: 1920px) 100vw, 1920px\" \/>\t\t\t\t\t\t\t\t\t\t\t\t\t\t\t<\/div>\n\t\t\t\t<\/div>\n\t\t<div class=\"elementor-element elementor-element-1d2b2e4 e-grid e-con-boxed e-con e-parent\" data-id=\"1d2b2e4\" data-element_type=\"container\" data-e-type=\"container\" data-settings=\"{&quot;background_background&quot;:&quot;classic&quot;}\">\n\t\t\t\t\t<div class=\"e-con-inner\">\n\t\t\t\t<div class=\"elementor-element elementor-element-169a1c0 elementor-widget elementor-widget-image\" data-id=\"169a1c0\" data-element_type=\"widget\" data-e-type=\"widget\" data-widget_type=\"image.default\">\n\t\t\t\t\t\t\t\t\t\t\t\t\t\t\t<img decoding=\"async\" width=\"1024\" height=\"461\" src=\"https:\/\/transformaedu.fusalmo.org\/wp-content\/uploads\/2024\/10\/Texto-1-01-1024x461.png\" class=\"attachment-large size-large wp-image-20207\" alt=\"\" srcset=\"https:\/\/transformaedu.fusalmo.org\/wp-content\/uploads\/2024\/10\/Texto-1-01-1024x461.png 1024w, https:\/\/transformaedu.fusalmo.org\/wp-content\/uploads\/2024\/10\/Texto-1-01-300x135.png 300w, https:\/\/transformaedu.fusalmo.org\/wp-content\/uploads\/2024\/10\/Texto-1-01-768x346.png 768w, https:\/\/transformaedu.fusalmo.org\/wp-content\/uploads\/2024\/10\/Texto-1-01-1536x692.png 1536w, https:\/\/transformaedu.fusalmo.org\/wp-content\/uploads\/2024\/10\/Texto-1-01-2048x922.png 2048w, https:\/\/transformaedu.fusalmo.org\/wp-content\/uploads\/2024\/10\/Texto-1-01-600x270.png 600w, https:\/\/transformaedu.fusalmo.org\/wp-content\/uploads\/2024\/10\/Texto-1-01-111x50.png 111w\" sizes=\"(max-width: 1024px) 100vw, 1024px\" \/>\t\t\t\t\t\t\t\t\t\t\t\t\t\t\t<\/div>\n\t\t\t\t<div class=\"elementor-element elementor-element-abfb850 elementor-widget elementor-widget-text-editor\" data-id=\"abfb850\" data-element_type=\"widget\" data-e-type=\"widget\" data-widget_type=\"text-editor.default\">\n\t\t\t\t\t\t\t\t\t<p>\u00a0<\/p><p>Cursos formativos para el desarrollo de competencias: Ofrece contenidos especializados que abarcan tecnolog\u00eda, innovaci\u00f3n educativa y estrategias pedag\u00f3gicas. Gracias la flexibilidad metodol\u00f3gica, estos cursos ayudar\u00e1n a mejorar las habilidades y a aplicar los conocimientos adquiridos de manera efectiva en el acompa\u00f1amiento de docentes, apoyando as\u00ed el desarrollo educativo integral.<\/p>\t\t\t\t\t\t\t\t<\/div>\n\t\t\t\t\t<\/div>\n\t\t\t\t<\/div>\n\t\t<div class=\"elementor-element elementor-element-470166b e-con-full e-flex e-con e-parent\" data-id=\"470166b\" data-element_type=\"container\" data-e-type=\"container\">\n\t\t\t\t<div class=\"elementor-element elementor-element-eb6ba03 elementor-widget elementor-widget-image\" data-id=\"eb6ba03\" data-element_type=\"widget\" data-e-type=\"widget\" data-widget_type=\"image.default\">\n\t\t\t\t\t\t\t\t\t\t\t\t\t\t\t<img decoding=\"async\" width=\"1920\" height=\"140\" src=\"https:\/\/transformaedu.fusalmo.org\/wp-content\/uploads\/2024\/08\/Separador-20.png\" class=\"attachment-full size-full wp-image-16113\" alt=\"\" srcset=\"https:\/\/transformaedu.fusalmo.org\/wp-content\/uploads\/2024\/08\/Separador-20.png 1920w, https:\/\/transformaedu.fusalmo.org\/wp-content\/uploads\/2024\/08\/Separador-20-300x22.png 300w, https:\/\/transformaedu.fusalmo.org\/wp-content\/uploads\/2024\/08\/Separador-20-1024x75.png 1024w, https:\/\/transformaedu.fusalmo.org\/wp-content\/uploads\/2024\/08\/Separador-20-768x56.png 768w, https:\/\/transformaedu.fusalmo.org\/wp-content\/uploads\/2024\/08\/Separador-20-1536x112.png 1536w, https:\/\/transformaedu.fusalmo.org\/wp-content\/uploads\/2024\/08\/Separador-20-2048x150.png 2048w, https:\/\/transformaedu.fusalmo.org\/wp-content\/uploads\/2024\/08\/Separador-20-600x44.png 600w, https:\/\/transformaedu.fusalmo.org\/wp-content\/uploads\/2024\/08\/Separador-20-220x16.png 220w\" sizes=\"(max-width: 1920px) 100vw, 1920px\" \/>\t\t\t\t\t\t\t\t\t\t\t\t\t\t\t<\/div>\n\t\t\t\t<\/div>\n\t\t<div class=\"elementor-element elementor-element-a3c62d1 e-flex e-con-boxed e-con e-parent\" data-id=\"a3c62d1\" data-element_type=\"container\" data-e-type=\"container\">\n\t\t\t\t\t<div class=\"e-con-inner\">\n\t\t\t\t<div class=\"elementor-element elementor-element-5f5ec5d elementor-widget elementor-widget-etlms-course-list tutor-addon etlms-course-list\" data-id=\"5f5ec5d\" data-element_type=\"widget\" data-e-type=\"widget\" data-widget_type=\"etlms-course-list.default\">\n\t\t\t\t<div class=\"elementor-widget-container\">\n\t\t\t\t\t<div class=\"tutor-wrap tutor-courses-wrap tutor-container etlms-course-list-main-wrap\">\n\t\t\t\t\t<div class=\"etlms-course-list-loop-wrap tutor-course-list tutor-grid tutor-grid-3\">\n\t\t\t\t\t\t\t<div class=\"etlms-course-list-col\">\n\t\t\t\t\t<div class=\"tutor-card tutor-course-card tutor-loop-course-container etlms-course-card-classic   etlms-has-hover-animation\">\n            <div class=\"tutor-course-thumbnail\">\n        <a href=\"https:\/\/transformaedu.fusalmo.org\/es_mx\/courses\/curso-de-tecnologia-educativa\/\" class=\"tutor-d-block\">\n            <div class=\"tutor-ratio tutor-ratio-16x9\">\n                <img decoding=\"async\" class=\"tutor-card-image-top\" src=\"https:\/\/transformaedu.fusalmo.org\/wp-content\/uploads\/2024\/10\/Cursos-31-768x472.jpg\" alt=\"Curso de Tecnolog\u00eda Educativa\" loading=\"lazy\">\n            <\/div>\n        <\/a>\n    <\/div>\n<div class=\"tutor-course-bookmark\">\n    <span class=\"cart-required-login save-bookmark-btn tutor-iconic-btn tutor-iconic-btn-secondary\" data-course-id=\"20816\" role=\"button\">\n            <i class=\"tutor-icon-bookmark-line\"><\/i>\n        <\/span><\/div>\n\n    <div class=\"tutor-card-body\">\n        <div class=\"tutor-course-ratings tutor-mb-8\">\n    <div class=\"tutor-ratings\">\n        <div class=\"tutor-ratings-stars\">\n            <span class=\"tutor-icon-star-line\" data-rating-value=\"1\"><\/span><span class=\"tutor-icon-star-line\" data-rating-value=\"2\"><\/span><span class=\"tutor-icon-star-line\" data-rating-value=\"3\"><\/span><span class=\"tutor-icon-star-line\" data-rating-value=\"4\"><\/span><span class=\"tutor-icon-star-line\" data-rating-value=\"5\"><\/span>        <\/div>\n\n            <\/div>\n<\/div>\n<h3 class=\"tutor-course-name tutor-fs-5 tutor-fw-medium tutor-mb-12\" title=\"Curso de Tecnolog\u00eda Educativa\">\n    <a href=\"https:\/\/transformaedu.fusalmo.org\/es_mx\/courses\/curso-de-tecnologia-educativa\/\">Curso de Tecnolog\u00eda Educativa<\/a>\n<\/h3>\n<div class=\"tutor-meta tutor-mt-auto\">\n\t\t<div>\n\t\t<a href=\"https:\/\/transformaedu.fusalmo.org\/es_mx\/profile\/lidia_castellanos?view=instructor\" class=\"tutor-d-flex\">\n\t\t\t<div class=\"tutor-avatar\"><div class=\"tutor-ratio tutor-ratio-1x1\"><span class=\"tutor-avatar-text\">LD<\/span><\/div><\/div>\t\t<\/a>\n\t<\/div>\n\t\n\t<div>\n\t\t\t\t<span class=\"etlms-course-author-meta tutor-meta-key\">By<\/span>\n\t\t<a class=\"etlms-course-author-meta tutor-meta-value\" href=\"https:\/\/transformaedu.fusalmo.org\/es_mx\/profile\/lidia_castellanos?view=instructor\">Lidia del Carmen Quintanilla Castellanos<\/a>\n\t\t\n\t\t\t<\/div>\n<\/div>\n    <\/div>\n\n    <div class=\"tutor-card-footer\">\n\t<div class=\"tutor-course-list-btn\"><a href=\"https:\/\/transformaedu.fusalmo.org\/es_mx\/courses\/curso-de-tecnologia-educativa\/\" class=\"tutor-btn tutor-btn-outline-primary tutor-btn-md tutor-btn-block tutor-open-login-modal \" data-course-id=\"20816\">Enl\u00edstate en el Curso<\/a><\/div><\/div>\n<\/div>\t\t\t\t<\/div>\n\t\t\t\t\t\t\t<div class=\"etlms-course-list-col\">\n\t\t\t\t\t<div class=\"tutor-card tutor-course-card tutor-loop-course-container etlms-course-card-classic   etlms-has-hover-animation\">\n            <div class=\"tutor-course-thumbnail\">\n        <a href=\"https:\/\/transformaedu.fusalmo.org\/es_mx\/courses\/formacion-en-coaching-educativo\/\" class=\"tutor-d-block\">\n            <div class=\"tutor-ratio tutor-ratio-16x9\">\n                <img decoding=\"async\" class=\"tutor-card-image-top\" src=\"https:\/\/transformaedu.fusalmo.org\/wp-content\/uploads\/2024\/08\/Cursos-32-768x472.jpg\" alt=\"Formaci\u00f3n en Coaching Educativo\" loading=\"lazy\">\n            <\/div>\n        <\/a>\n    <\/div>\n<div class=\"tutor-course-bookmark\">\n    <span class=\"cart-required-login save-bookmark-btn tutor-iconic-btn tutor-iconic-btn-secondary\" data-course-id=\"13646\" role=\"button\">\n            <i class=\"tutor-icon-bookmark-line\"><\/i>\n        <\/span><\/div>\n\n    <div class=\"tutor-card-body\">\n        <div class=\"tutor-course-ratings tutor-mb-8\">\n    <div class=\"tutor-ratings\">\n        <div class=\"tutor-ratings-stars\">\n            <span class=\"tutor-icon-star-line\" data-rating-value=\"1\"><\/span><span class=\"tutor-icon-star-line\" data-rating-value=\"2\"><\/span><span class=\"tutor-icon-star-line\" data-rating-value=\"3\"><\/span><span class=\"tutor-icon-star-line\" data-rating-value=\"4\"><\/span><span class=\"tutor-icon-star-line\" data-rating-value=\"5\"><\/span>        <\/div>\n\n            <\/div>\n<\/div>\n<h3 class=\"tutor-course-name tutor-fs-5 tutor-fw-medium tutor-mb-12\" title=\"Formaci\u00f3n en Coaching Educativo\">\n    <a href=\"https:\/\/transformaedu.fusalmo.org\/es_mx\/courses\/formacion-en-coaching-educativo\/\">Formaci\u00f3n en Coaching Educativo<\/a>\n<\/h3>\n<div class=\"tutor-meta tutor-mt-auto\">\n\t\t<div>\n\t\t<a href=\"https:\/\/transformaedu.fusalmo.org\/es_mx\/profile\/lidycastellanos?view=instructor\" class=\"tutor-d-flex\">\n\t\t\t<div class=\"tutor-avatar\"><div class=\"tutor-ratio tutor-ratio-1x1\"><span class=\"tutor-avatar-text\">LC<\/span><\/div><\/div>\t\t<\/a>\n\t<\/div>\n\t\n\t<div>\n\t\t\t\t<span class=\"etlms-course-author-meta tutor-meta-key\">By<\/span>\n\t\t<a class=\"etlms-course-author-meta tutor-meta-value\" href=\"https:\/\/transformaedu.fusalmo.org\/es_mx\/profile\/lidycastellanos?view=instructor\">Lidia Castellanos<\/a>\n\t\t\n\t\t\t<\/div>\n<\/div>\n    <\/div>\n\n    <div class=\"tutor-card-footer\">\n\t<div class=\"tutor-course-list-btn\"><a href=\"https:\/\/transformaedu.fusalmo.org\/es_mx\/courses\/formacion-en-coaching-educativo\/\" class=\"tutor-btn tutor-btn-outline-primary tutor-btn-md tutor-btn-block tutor-open-login-modal \" data-course-id=\"13646\">Enl\u00edstate en el Curso<\/a><\/div><\/div>\n<\/div>\t\t\t\t<\/div>\n\t\t\t\t\t<\/div>\n\n\t\t\t\t\t\t\t<div class=\"etlms-course-list-pagination-wrap tutor-mt-32\">\n\t\t\t<div class=\"etlms-pagination prev-next\">\n\t\t\t\t\n\t\t\t\t\t\n\t\t\t\t\t\t<\/div>\n\t\t\t\t<\/div>\n<div class=\"tutor-modal tutor-login-modal\" role=\"dialog\" aria-modal=\"true\" aria-labelledby=\"tutor-login-modal-title\" aria-hidden=\"true\">\n\t<div class=\"tutor-modal-overlay\"><\/div>\n\t<div class=\"tutor-modal-window tutor-modal-window-sm\">\n\t\t<div class=\"tutor-modal-content tutor-modal-content-white\">\n\t\t\t<button class=\"tutor-iconic-btn tutor-modal-close-o\" data-tutor-modal-close aria-label=\"Close login dialog\">\n\t\t\t\t<span class=\"tutor-icon-times\" aria-hidden=\"true\"><\/span>\n\t\t\t<\/button>\n\n\t\t\t<div class=\"tutor-modal-body\">\n\t\t\t\t<div class=\"tutor-py-48\">\n\t\t\t\t\t\t\t\t\t\t<div id=\"tutor-login-modal-title\" class=\"tutor-fs-4 tutor-fw-medium tutor-color-black tutor-mb-32\">Hi, Welcome back!<\/div>\n\t\t\t\t\t<form id=\"tutor-login-form\" method=\"post\">\n\t\t<input type=\"hidden\" id=\"_tutor_nonce\" name=\"_tutor_nonce\" value=\"e17462ffad\" \/><input type=\"hidden\" name=\"_wp_http_referer\" value=\"\/es_mx\/wp-json\/wp\/v2\/pages\/16315\" \/>\t<input type=\"hidden\" name=\"tutor_action\" value=\"tutor_user_login\" \/>\n\t<input type=\"hidden\" name=\"redirect_to\" value=\"https:\/\/transformaedu.fusalmo.org\/es_mx\/wp-json\/wp\/v2\/pages\/16315\" \/>\n\n\t<div class=\"tutor-mb-20\">\n\t\t<input type=\"text\" class=\"tutor-form-control\" placeholder=\"Nombre de usuario o direcci\u00f3n de correo electr\u00f3nico\" name=\"log\" value=\"\" size=\"20\" required\/>\n\t<\/div>\n\n\t<div class=\"tutor-mb-32\">\n\t\t<input type=\"password\" class=\"tutor-form-control\" placeholder=\"Contrase\u00f1a\" name=\"pwd\" value=\"\" size=\"20\" required\/>\n\t<\/div>\n\n\t<div class=\"tutor-login-error\" role=\"alert\" aria-live=\"polite\"><\/div>\n\t\t\t<input type=\"hidden\" name=\"timezone\" value=\"America\/El_Salvador\" \/>\n\t\t<script>\n\t\t\tdocument.addEventListener('DOMContentLoaded', function() {\n\t\t\t\tconst timezone = document.querySelector('input[name=\"timezone\"]');\n\t\t\t\tif ( timezone) {\n\t\t\t\t\tconst tz = Intl.DateTimeFormat().resolvedOptions().timeZone;\n\t\t\t\t\ttimezone.value = tz\n\t\t\t\t}\n\t\t\t});\n\t\t<\/script>\n\t\t\t<div class=\"tutor-d-flex tutor-justify-between tutor-align-center tutor-mb-40\">\n\t\t<div class=\"tutor-form-check\">\n\t\t\t<input id=\"tutor-login-agmnt-1\" type=\"checkbox\" class=\"tutor-form-check-input tutor-bg-black-40\" name=\"rememberme\" value=\"forever\" \/>\n\t\t\t<label for=\"tutor-login-agmnt-1\" class=\"tutor-fs-7 tutor-color-muted\">\n\t\t\t\tKeep me signed in\t\t\t<\/label>\n\t\t<\/div>\n\t\t<a href=\"https:\/\/transformaedu.fusalmo.org\/es_mx\/dashboard\/retrieve-password\" class=\"tutor-btn tutor-btn-ghost\">\n\t\t\t\u00bfOlvidaste la contrase\u00f1a?\t\t<\/a>\n\t<\/div>\n\n\t\t<button type=\"submit\" class=\"tutor-btn tutor-btn-primary tutor-btn-block\">\n\t\tSign In\t<\/button>\n\n\t\t\t\t\t<div class=\"tutor-text-center tutor-fs-6 tutor-color-secondary tutor-mt-20\">\n\t\t\tDon&#039;t have an account?&nbsp;\n\t\t\t<a href=\"https:\/\/transformaedu.fusalmo.org\/es_mx\/student-registration\/?redirect_to=https:\/\/transformaedu.fusalmo.org\/es_mx\/wp-json\/wp\/v2\/pages\/16315\" class=\"tutor-btn tutor-btn-link\">\n\t\t\t\tRegister Now\t\t\t<\/a>\n\t\t<\/div>\n\t\t<\/form>\n<script>\n\tdocument.addEventListener('DOMContentLoaded', function() {\n\t\tvar loginModal = document.querySelector('.tutor-modal.tutor-login-modal');\n\t\tvar errors = [];\n\t\tif (loginModal && errors.length) {\n\t\t\tloginModal.classList.add('tutor-is-active');\n\t\t}\n\t});\n<\/script>\n\n\t\t\t\t\t\t\t\t\t<\/div>\n\t\t\t\t\t\t<style>\n\t\t\t#tutor-pro-twitter-login {\n\t\t\t\twidth: 400px; background-color: #00acee; border-color: #00acee; font-weight: bold;\n\t\t\t}\n\t\t<\/style>\n\t\t<div id=\"tutor-pro-social-authentication\" class=\"tutor-pt-24 tutor-d-flex tutor-flex-column tutor-align-center tutor-border-top-light\" style=\"gap: 10px;\">\n\t\t\t\t\t<\/div>\n\t\t\t\t\t<\/div>\n\t\t<\/div>\n\t<\/div>\n<\/div>\n\t\t\t\t<\/div>\n\t\t\t\t<\/div>\n\t\t\t\t\t<\/div>\n\t\t\t\t<\/div>\n\t\t<div class=\"elementor-element elementor-element-dc2fde6 e-flex e-con-boxed e-con e-parent\" data-id=\"dc2fde6\" data-element_type=\"container\" data-e-type=\"container\">\n\t\t\t\t\t<div class=\"e-con-inner\">\n\t\t\t\t<div class=\"elementor-element elementor-element-7ebd05f elementor-widget elementor-widget-image\" data-id=\"7ebd05f\" data-element_type=\"widget\" data-e-type=\"widget\" data-widget_type=\"image.default\">\n\t\t\t\t\t\t\t\t\t\t\t\t\t\t\t<img decoding=\"async\" src=\"https:\/\/transformaedu.fusalmo.org\/wp-content\/uploads\/2024\/10\/Banners-principales-36-1-scaled.jpg\" title=\"\" alt=\"\" loading=\"lazy\" \/>\t\t\t\t\t\t\t\t\t\t\t\t\t\t\t<\/div>\n\t\t\t\t\t<\/div>\n\t\t\t\t<\/div>\n\t\t<div class=\"elementor-element elementor-element-a86a568 e-con-full e-flex e-con e-parent\" data-id=\"a86a568\" data-element_type=\"container\" data-e-type=\"container\">\n\t\t\t\t<div class=\"elementor-element elementor-element-6433d94 elementor-widget-divider--view-line elementor-widget elementor-widget-divider\" data-id=\"6433d94\" data-element_type=\"widget\" data-e-type=\"widget\" data-widget_type=\"divider.default\">\n\t\t\t\t\t\t\t<div class=\"elementor-divider\">\n\t\t\t<span class=\"elementor-divider-separator\">\n\t\t\t\t\t\t<\/span>\n\t\t<\/div>\n\t\t\t\t\t\t<\/div>\n\t\t\t\t<\/div>\n\t\t<div class=\"elementor-element elementor-element-31fc8bc e-con-full e-flex e-con e-parent\" data-id=\"31fc8bc\" data-element_type=\"container\" data-e-type=\"container\">\n\t\t\t\t<div class=\"elementor-element elementor-element-0a99894 elementor-widget elementor-widget-image\" data-id=\"0a99894\" data-element_type=\"widget\" data-e-type=\"widget\" data-widget_type=\"image.default\">\n\t\t\t\t\t\t\t\t\t\t\t\t\t\t\t<img loading=\"lazy\" decoding=\"async\" width=\"1920\" height=\"287\" src=\"https:\/\/transformaedu.fusalmo.org\/wp-content\/uploads\/2024\/10\/Footer-36-1-scaled.jpg\" class=\"attachment-full size-full wp-image-20734\" alt=\"\" srcset=\"https:\/\/transformaedu.fusalmo.org\/wp-content\/uploads\/2024\/10\/Footer-36-1-scaled.jpg 1920w, https:\/\/transformaedu.fusalmo.org\/wp-content\/uploads\/2024\/10\/Footer-36-1-300x45.jpg 300w, https:\/\/transformaedu.fusalmo.org\/wp-content\/uploads\/2024\/10\/Footer-36-1-1024x153.jpg 1024w, https:\/\/transformaedu.fusalmo.org\/wp-content\/uploads\/2024\/10\/Footer-36-1-768x115.jpg 768w, https:\/\/transformaedu.fusalmo.org\/wp-content\/uploads\/2024\/10\/Footer-36-1-1536x229.jpg 1536w, https:\/\/transformaedu.fusalmo.org\/wp-content\/uploads\/2024\/10\/Footer-36-1-2048x306.jpg 2048w, https:\/\/transformaedu.fusalmo.org\/wp-content\/uploads\/2024\/10\/Footer-36-1-600x90.jpg 600w, https:\/\/transformaedu.fusalmo.org\/wp-content\/uploads\/2024\/10\/Footer-36-1-220x33.jpg 220w\" sizes=\"(max-width: 1920px) 100vw, 1920px\" \/>\t\t\t\t\t\t\t\t\t\t\t\t\t\t\t<\/div>\n\t\t\t\t<\/div>\n\t\t\t\t<\/div>\n\t\t","protected":false},"excerpt":{"rendered":"<p>\u00a0 Cursos formativos para el desarrollo de competencias: Ofrece contenidos especializados que abarcan tecnolog\u00eda, innovaci\u00f3n educativa<\/p>","protected":false},"author":632,"featured_media":0,"parent":15771,"menu_order":0,"comment_status":"closed","ping_status":"closed","template":"elementor_canvas","meta":{"_acf_changed":false,"_tutorstarter_page_metadata":[],"footnotes":""},"class_list":["post-16315","page","type-page","status-publish","hentry"],"acf":[],"_links":{"self":[{"href":"https:\/\/transformaedu.fusalmo.org\/es_mx\/wp-json\/wp\/v2\/pages\/16315","targetHints":{"allow":["GET"]}}],"collection":[{"href":"https:\/\/transformaedu.fusalmo.org\/es_mx\/wp-json\/wp\/v2\/pages"}],"about":[{"href":"https:\/\/transformaedu.fusalmo.org\/es_mx\/wp-json\/wp\/v2\/types\/page"}],"author":[{"embeddable":true,"href":"https:\/\/transformaedu.fusalmo.org\/es_mx\/wp-json\/wp\/v2\/users\/632"}],"replies":[{"embeddable":true,"href":"https:\/\/transformaedu.fusalmo.org\/es_mx\/wp-json\/wp\/v2\/comments?post=16315"}],"version-history":[{"count":73,"href":"https:\/\/transformaedu.fusalmo.org\/es_mx\/wp-json\/wp\/v2\/pages\/16315\/revisions"}],"predecessor-version":[{"id":21387,"href":"https:\/\/transformaedu.fusalmo.org\/es_mx\/wp-json\/wp\/v2\/pages\/16315\/revisions\/21387"}],"up":[{"embeddable":true,"href":"https:\/\/transformaedu.fusalmo.org\/es_mx\/wp-json\/wp\/v2\/pages\/15771"}],"wp:attachment":[{"href":"https:\/\/transformaedu.fusalmo.org\/es_mx\/wp-json\/wp\/v2\/media?parent=16315"}],"curies":[{"name":"wp","href":"https:\/\/api.w.org\/{rel}","templated":true}]}}