{"id":10389,"date":"2024-04-11T08:43:03","date_gmt":"2024-04-11T14:43:03","guid":{"rendered":"https:\/\/transformaedu.fusalmo.org\/?page_id=10389"},"modified":"2024-04-25T15:50:23","modified_gmt":"2024-04-25T21:50:23","slug":"donaciones","status":"publish","type":"page","link":"https:\/\/transformaedu.fusalmo.org\/es_mx\/donaciones\/","title":{"rendered":"Donaciones"},"content":{"rendered":"<div data-elementor-type=\"wp-page\" data-elementor-id=\"10389\" class=\"elementor elementor-10389\" wpc-filter-elementor-widget=\"1\" data-elementor-post-type=\"page\">\n\t\t\t\t<div class=\"elementor-element elementor-element-7c1ade7 e-flex e-con-boxed e-con e-parent\" data-id=\"7c1ade7\" data-element_type=\"container\" data-e-type=\"container\">\n\t\t\t\t\t<div class=\"e-con-inner\">\n\t\t\t\t<div class=\"elementor-element elementor-element-9c2f3c9 elementor-widget elementor-widget-spacer\" data-id=\"9c2f3c9\" data-element_type=\"widget\" data-e-type=\"widget\" data-widget_type=\"spacer.default\">\n\t\t\t\t\t\t\t<div class=\"elementor-spacer\">\n\t\t\t<div class=\"elementor-spacer-inner\"><\/div>\n\t\t<\/div>\n\t\t\t\t\t\t<\/div>\n\t\t\t\t\t<\/div>\n\t\t\t\t<\/div>\n\t\t<div class=\"elementor-element elementor-element-cc81f89 e-flex e-con-boxed e-con e-parent\" data-id=\"cc81f89\" data-element_type=\"container\" data-e-type=\"container\">\n\t\t\t\t\t<div class=\"e-con-inner\">\n\t\t<div class=\"elementor-element elementor-element-2d4ce57 e-con-full e-flex e-con e-child\" data-id=\"2d4ce57\" data-element_type=\"container\" data-e-type=\"container\">\n\t\t\t\t<div class=\"elementor-element elementor-element-52601d1 elementor-widget__width-initial elementor-widget elementor-widget-image\" data-id=\"52601d1\" data-element_type=\"widget\" data-e-type=\"widget\" data-widget_type=\"image.default\">\n\t\t\t\t\t\t\t\t\t\t\t\t\t\t\t<img decoding=\"async\" width=\"174\" height=\"150\" src=\"https:\/\/transformaedu.fusalmo.org\/wp-content\/uploads\/2024\/04\/detail_top.png\" class=\"attachment-large size-large wp-image-10458\" alt=\"\" srcset=\"https:\/\/transformaedu.fusalmo.org\/wp-content\/uploads\/2024\/04\/detail_top.png 174w, https:\/\/transformaedu.fusalmo.org\/wp-content\/uploads\/2024\/04\/detail_top-58x50.png 58w\" sizes=\"(max-width: 174px) 100vw, 174px\" \/>\t\t\t\t\t\t\t\t\t\t\t\t\t\t\t<\/div>\n\t\t\t\t<\/div>\n\t\t\t\t<div class=\"elementor-element elementor-element-7ed5202 elementor-widget__width-initial elementor-widget elementor-widget-spacer\" data-id=\"7ed5202\" data-element_type=\"widget\" data-e-type=\"widget\" data-widget_type=\"spacer.default\">\n\t\t\t\t\t\t\t<div class=\"elementor-spacer\">\n\t\t\t<div class=\"elementor-spacer-inner\"><\/div>\n\t\t<\/div>\n\t\t\t\t\t\t<\/div>\n\t\t<div class=\"elementor-element elementor-element-0b366fd e-con-full e-flex e-con e-child\" data-id=\"0b366fd\" data-element_type=\"container\" data-e-type=\"container\">\n\t\t\t\t<div class=\"elementor-element elementor-element-41d0204 elementor-widget elementor-widget-spacer\" data-id=\"41d0204\" data-element_type=\"widget\" data-e-type=\"widget\" data-widget_type=\"spacer.default\">\n\t\t\t\t\t\t\t<div class=\"elementor-spacer\">\n\t\t\t<div class=\"elementor-spacer-inner\"><\/div>\n\t\t<\/div>\n\t\t\t\t\t\t<\/div>\n\t\t\t\t<div class=\"elementor-element elementor-element-daa4572 elementor-widget__width-initial elementor-widget elementor-widget-image\" data-id=\"daa4572\" data-element_type=\"widget\" data-e-type=\"widget\" data-widget_type=\"image.default\">\n\t\t\t\t\t\t\t\t\t\t\t\t\t\t\t<img decoding=\"async\" width=\"50\" height=\"50\" src=\"https:\/\/transformaedu.fusalmo.org\/wp-content\/uploads\/2024\/04\/detail_page.png\" class=\"attachment-large size-large wp-image-10462\" alt=\"\" \/>\t\t\t\t\t\t\t\t\t\t\t\t\t\t\t<\/div>\n\t\t\t\t<\/div>\n\t\t\t\t\t<\/div>\n\t\t\t\t<\/div>\n\t\t<div class=\"elementor-element elementor-element-0272e3a e-flex e-con-boxed e-con e-parent\" data-id=\"0272e3a\" data-element_type=\"container\" data-e-type=\"container\">\n\t\t\t\t\t<div class=\"e-con-inner\">\n\t\t\t\t<div class=\"elementor-element elementor-element-b3321a0 elementor-widget elementor-widget-spacer\" data-id=\"b3321a0\" data-element_type=\"widget\" data-e-type=\"widget\" data-widget_type=\"spacer.default\">\n\t\t\t\t\t\t\t<div class=\"elementor-spacer\">\n\t\t\t<div class=\"elementor-spacer-inner\"><\/div>\n\t\t<\/div>\n\t\t\t\t\t\t<\/div>\n\t\t\t\t\t<\/div>\n\t\t\t\t<\/div>\n\t\t<div class=\"elementor-element elementor-element-47a73de e-flex e-con-boxed e-con e-parent\" data-id=\"47a73de\" data-element_type=\"container\" data-e-type=\"container\">\n\t\t\t\t\t<div class=\"e-con-inner\">\n\t\t<div class=\"elementor-element elementor-element-c0c7a58 e-con-full e-flex e-con e-child\" data-id=\"c0c7a58\" data-element_type=\"container\" data-e-type=\"container\">\n\t\t\t\t<div class=\"elementor-element elementor-element-a805d76 elementor-widget elementor-widget-heading\" data-id=\"a805d76\" data-element_type=\"widget\" data-e-type=\"widget\" data-widget_type=\"heading.default\">\n\t\t\t\t\t<h2 class=\"elementor-heading-title elementor-size-default\">Donaci\u00f3n de Cursos<\/h2>\t\t\t\t<\/div>\n\t\t\t\t<div class=\"elementor-element elementor-element-b4bf08e elementor-widget-divider--view-line elementor-widget elementor-widget-divider\" data-id=\"b4bf08e\" data-element_type=\"widget\" data-e-type=\"widget\" data-widget_type=\"divider.default\">\n\t\t\t\t\t\t\t<div class=\"elementor-divider\">\n\t\t\t<span class=\"elementor-divider-separator\">\n\t\t\t\t\t\t<\/span>\n\t\t<\/div>\n\t\t\t\t\t\t<\/div>\n\t\t\t\t<div class=\"elementor-element elementor-element-341d23c elementor-widget elementor-widget-text-editor\" data-id=\"341d23c\" data-element_type=\"widget\" data-e-type=\"widget\" data-widget_type=\"text-editor.default\">\n\t\t\t\t\t\t\t\t\t<p><span style=\"color: #ffffff;\">En Transforma Ed, creemos en el poder transformador de la educaci\u00f3n. \u00danete a nuestra misi\u00f3n y convierte tu donaci\u00f3n en el primer paso hacia un cambio duradero. Juntos, podemos construir puentes de conocimiento que lleven a los ni\u00f1os hacia un futuro lleno de oportunidades. \u00a1Dona un curso hoy y s\u00e9 parte de la revoluci\u00f3n educativa que transforma vidas!\u00bb<\/span><\/p>\t\t\t\t\t\t\t\t<\/div>\n\t\t\t\t<\/div>\n\t\t\t\t<div class=\"elementor-element elementor-element-7fedb08 elementor-widget__width-initial elementor-widget elementor-widget-spacer\" data-id=\"7fedb08\" data-element_type=\"widget\" data-e-type=\"widget\" data-widget_type=\"spacer.default\">\n\t\t\t\t\t\t\t<div class=\"elementor-spacer\">\n\t\t\t<div class=\"elementor-spacer-inner\"><\/div>\n\t\t<\/div>\n\t\t\t\t\t\t<\/div>\n\t\t<div class=\"elementor-element elementor-element-5973d3c e-con-full e-flex e-con e-child\" data-id=\"5973d3c\" data-element_type=\"container\" data-e-type=\"container\">\n\t\t<div class=\"elementor-element elementor-element-52c7060 e-flex e-con-boxed e-con e-child\" data-id=\"52c7060\" data-element_type=\"container\" data-e-type=\"container\" data-settings=\"{&quot;background_background&quot;:&quot;classic&quot;}\">\n\t\t\t\t\t<div class=\"e-con-inner\">\n\t\t<div class=\"elementor-element elementor-element-e16ca9b e-flex e-con-boxed e-con e-child\" data-id=\"e16ca9b\" data-element_type=\"container\" data-e-type=\"container\">\n\t\t\t\t\t<div class=\"e-con-inner\">\n\t\t\t\t<div class=\"elementor-element elementor-element-4600223 elementor-widget elementor-widget-heading\" data-id=\"4600223\" data-element_type=\"widget\" data-e-type=\"widget\" data-widget_type=\"heading.default\">\n\t\t\t\t\t<h4 class=\"elementor-heading-title elementor-size-default\">\u00a1Dona ahora!<\/h4>\t\t\t\t<\/div>\n\t\t\t\t<div class=\"elementor-element elementor-element-f30932f elementor-widget elementor-widget-text-editor\" data-id=\"f30932f\" data-element_type=\"widget\" data-e-type=\"widget\" data-widget_type=\"text-editor.default\">\n\t\t\t\t\t\t\t\t\t<p><span style=\"color: #000000;\">\u00abCon tu generosa donaci\u00f3n, est\u00e1s apoyando a muchos ni\u00f1os en su educaci\u00f3n. <\/span><br \/><span style=\"color: #000000;\">\u00a1Dona ahora y s\u00e9 parte del cambio que transforma vidas!\u00bb<\/span><\/p>\t\t\t\t\t\t\t\t<\/div>\n\t\t\t\t<div class=\"elementor-element elementor-element-4b637f1 elementor-widget elementor-widget-html\" data-id=\"4b637f1\" data-element_type=\"widget\" data-e-type=\"widget\" data-widget_type=\"html.default\">\n\t\t\t\t\t<script src=\"https:\/\/code.jquery.com\/jquery-3.7.1.js\" integrity=\"sha256-eKhayi8LEQwp4NKxN+CfCh+3qOVUtJn3QNZ0TciWLP4=\" crossorigin=\"anonymous\"><\/script>\r\n<link href=\"https:\/\/cdn.jsdelivr.net\/npm\/select2@4.1.0-rc.0\/dist\/css\/select2.min.css\" rel=\"stylesheet\" \/>\r\n<script src=\"https:\/\/cdn.jsdelivr.net\/npm\/select2@4.1.0-rc.0\/dist\/js\/select2.min.js\"><\/script>\r\n\r\n<select id=\"cboCourse\" class=\"js-example-basic-single\" name=\"state\">\r\n  <option value=\"\">Selecciona el curso al que deseas donar<\/option>\r\n  <option value=\"Arquitectura Creativa\">Arquitectura Creativa<\/option>\r\n  <option value=\"Aprendiendo HTML5\">Aprendiendo HTML5<\/option>\r\n  <option value=\"Donaci\u00f3n a Plataforma\">Donaci\u00f3n a Plataforma<\/option>\r\n<\/select>\r\n\r\n<div id=\"buttonCourse1\" style=\"display: none; margin-top: 15px;\">\r\n    <div class=\"wompi_button_widget\" data-url-pago=\"https:\/\/pagos.wompi.sv\/IntentoPago\/Redirect?id=36e0a8b9-910b-47d4-ab32-6be4768f019f&esWidget=1\" data-render=\"widget\"><\/div>\r\n<\/div>\r\n<div id=\"buttonCourse2\" style=\"display: none; margin-top: 15px;\">\r\n    <div class=\"wompi_button_widget\" data-url-pago=\"https:\/\/pagos.wompi.sv\/IntentoPago\/Redirect?id=c4868505-e706-4250-a632-6387a0e35fa2&esWidget=1\" data-render=\"widget\"><\/div>\r\n<\/div>\r\n<div id=\"buttonCourse3\" style=\"display: none; margin-top: 15px;\">\r\n    <div class=\"wompi_button_widget\" data-url-pago=\"https:\/\/pagos.wompi.sv\/IntentoPago\/Redirect?id=ca564ebb-9566-4c51-be59-5d509c212861&esWidget=1\" data-render=\"widget\"><\/div>\r\n<\/div>\r\n\r\n<script src=\"https:\/\/pagos.wompi.sv\/js\/wompi.pagos.js\"><\/script>\r\n<script>\r\n    $(document).ready(function(){\r\n        $('.js-example-basic-single').select2();\r\n        \r\n        $(\"#cboCourse\").change(function(){\r\n            if ($(\"#cboCourse\").val() == \"Arquitectura Creativa\") {\r\n                $(\"#buttonCourse1\").css(\"display\",\"block\");\r\n                $(\"#buttonCourse2\").css(\"display\",\"none\");\r\n                $(\"#buttonCourse3\").css(\"display\",\"none\");\r\n                \r\n            }else if($(\"#cboCourse\").val() == \"Aprendiendo HTML5\"){\r\n                $(\"#buttonCourse2\").css(\"display\",\"block\");\r\n                $(\"#buttonCourse1\").css(\"display\",\"none\");\r\n                $(\"#buttonCourse3\").css(\"display\",\"none\");\r\n                \r\n            }else if($(\"#cboCourse\").val() == \"Donaci\u00f3n a Plataforma\"){\r\n                $(\"#buttonCourse2\").css(\"display\",\"none\");\r\n                $(\"#buttonCourse1\").css(\"display\",\"none\");\r\n                $(\"#buttonCourse3\").css(\"display\",\"block\");\r\n            }else{\r\n                $(\"#buttonCourse1\").css(\"display\",\"none\");\r\n                $(\"#buttonCourse2\").css(\"display\",\"none\");\r\n                $(\"#buttonCourse3\").css(\"display\",\"none\");\r\n            }\r\n        });\r\n    });\r\n<\/script>\t\t\t\t<\/div>\n\t\t\t\t\t<\/div>\n\t\t\t\t<\/div>\n\t\t\t\t\t<\/div>\n\t\t\t\t<\/div>\n\t\t\t\t<\/div>\n\t\t\t\t\t<\/div>\n\t\t\t\t<\/div>\n\t\t<div class=\"elementor-element elementor-element-9581ec7 e-flex e-con-boxed e-con e-parent\" data-id=\"9581ec7\" data-element_type=\"container\" data-e-type=\"container\">\n\t\t\t\t\t<div class=\"e-con-inner\">\n\t\t<div class=\"elementor-element elementor-element-c99ba59 e-con-full e-flex e-con e-child\" data-id=\"c99ba59\" data-element_type=\"container\" data-e-type=\"container\">\n\t\t\t\t<div class=\"elementor-element elementor-element-e0e7d35 elementor-widget elementor-widget-spacer\" data-id=\"e0e7d35\" data-element_type=\"widget\" data-e-type=\"widget\" data-widget_type=\"spacer.default\">\n\t\t\t\t\t\t\t<div class=\"elementor-spacer\">\n\t\t\t<div class=\"elementor-spacer-inner\"><\/div>\n\t\t<\/div>\n\t\t\t\t\t\t<\/div>\n\t\t\t\t<div class=\"elementor-element elementor-element-9432a4a elementor-widget__width-initial elementor-widget elementor-widget-image\" data-id=\"9432a4a\" data-element_type=\"widget\" data-e-type=\"widget\" data-widget_type=\"image.default\">\n\t\t\t\t\t\t\t\t\t\t\t\t\t\t\t<img decoding=\"async\" width=\"86\" height=\"86\" src=\"https:\/\/transformaedu.fusalmo.org\/wp-content\/uploads\/2024\/04\/detail_bottom.png\" class=\"attachment-large size-large wp-image-10511\" alt=\"\" srcset=\"https:\/\/transformaedu.fusalmo.org\/wp-content\/uploads\/2024\/04\/detail_bottom.png 86w, https:\/\/transformaedu.fusalmo.org\/wp-content\/uploads\/2024\/04\/detail_bottom-50x50.png 50w\" sizes=\"(max-width: 86px) 100vw, 86px\" \/>\t\t\t\t\t\t\t\t\t\t\t\t\t\t\t<\/div>\n\t\t\t\t<\/div>\n\t\t<div class=\"elementor-element elementor-element-c2cff93 e-con-full e-flex e-con e-child\" data-id=\"c2cff93\" data-element_type=\"container\" data-e-type=\"container\">\n\t\t\t\t<div class=\"elementor-element elementor-element-9c32abd elementor-widget elementor-widget-image\" data-id=\"9c32abd\" data-element_type=\"widget\" data-e-type=\"widget\" data-widget_type=\"image.default\">\n\t\t\t\t\t\t\t\t\t\t\t\t\t\t\t<img loading=\"lazy\" decoding=\"async\" width=\"434\" height=\"291\" src=\"https:\/\/transformaedu.fusalmo.org\/wp-content\/uploads\/2024\/04\/arte-2-1.png\" class=\"attachment-large size-large wp-image-10512\" alt=\"\" srcset=\"https:\/\/transformaedu.fusalmo.org\/wp-content\/uploads\/2024\/04\/arte-2-1.png 434w, https:\/\/transformaedu.fusalmo.org\/wp-content\/uploads\/2024\/04\/arte-2-1-300x201.png 300w, https:\/\/transformaedu.fusalmo.org\/wp-content\/uploads\/2024\/04\/arte-2-1-75x50.png 75w\" sizes=\"(max-width: 434px) 100vw, 434px\" \/>\t\t\t\t\t\t\t\t\t\t\t\t\t\t\t<\/div>\n\t\t\t\t<\/div>\n\t\t<div class=\"elementor-element elementor-element-36cc927 e-con-full e-flex e-con e-child\" data-id=\"36cc927\" data-element_type=\"container\" data-e-type=\"container\">\n\t\t\t\t<div class=\"elementor-element elementor-element-1eaa3d8 elementor-widget elementor-widget-spacer\" data-id=\"1eaa3d8\" data-element_type=\"widget\" data-e-type=\"widget\" data-widget_type=\"spacer.default\">\n\t\t\t\t\t\t\t<div class=\"elementor-spacer\">\n\t\t\t<div class=\"elementor-spacer-inner\"><\/div>\n\t\t<\/div>\n\t\t\t\t\t\t<\/div>\n\t\t\t\t<div class=\"elementor-element elementor-element-3ee2315 elementor-widget elementor-widget-image\" data-id=\"3ee2315\" data-element_type=\"widget\" data-e-type=\"widget\" data-widget_type=\"image.default\">\n\t\t\t\t\t\t\t\t\t\t\t\t\t\t\t<img decoding=\"async\" width=\"50\" height=\"50\" src=\"https:\/\/transformaedu.fusalmo.org\/wp-content\/uploads\/2024\/04\/detail_page.png\" class=\"attachment-large size-large wp-image-10462\" alt=\"\" \/>\t\t\t\t\t\t\t\t\t\t\t\t\t\t\t<\/div>\n\t\t\t\t<\/div>\n\t\t\t\t\t<\/div>\n\t\t\t\t<\/div>\n\t\t\t\t<\/div>","protected":false},"excerpt":{"rendered":"<p>Donaci\u00f3n de Cursos En Transforma Ed, creemos en el poder transformador de la educaci\u00f3n. \u00danete a<\/p>","protected":false},"author":606,"featured_media":0,"parent":0,"menu_order":0,"comment_status":"closed","ping_status":"closed","template":"page-templates\/tpl-fluid.php","meta":{"_acf_changed":false,"_tutorstarter_page_metadata":[],"footnotes":""},"class_list":["post-10389","page","type-page","status-publish","hentry"],"acf":[],"_links":{"self":[{"href":"https:\/\/transformaedu.fusalmo.org\/es_mx\/wp-json\/wp\/v2\/pages\/10389","targetHints":{"allow":["GET"]}}],"collection":[{"href":"https:\/\/transformaedu.fusalmo.org\/es_mx\/wp-json\/wp\/v2\/pages"}],"about":[{"href":"https:\/\/transformaedu.fusalmo.org\/es_mx\/wp-json\/wp\/v2\/types\/page"}],"author":[{"embeddable":true,"href":"https:\/\/transformaedu.fusalmo.org\/es_mx\/wp-json\/wp\/v2\/users\/606"}],"replies":[{"embeddable":true,"href":"https:\/\/transformaedu.fusalmo.org\/es_mx\/wp-json\/wp\/v2\/comments?post=10389"}],"version-history":[{"count":0,"href":"https:\/\/transformaedu.fusalmo.org\/es_mx\/wp-json\/wp\/v2\/pages\/10389\/revisions"}],"wp:attachment":[{"href":"https:\/\/transformaedu.fusalmo.org\/es_mx\/wp-json\/wp\/v2\/media?parent=10389"}],"curies":[{"name":"wp","href":"https:\/\/api.w.org\/{rel}","templated":true}]}}